{"id":4951,"date":"2022-09-06T14:34:57","date_gmt":"2022-09-06T12:34:57","guid":{"rendered":"http:\/\/test.verticalexpense.com\/legal-information\/"},"modified":"2024-08-26T15:15:52","modified_gmt":"2024-08-26T13:15:52","slug":"legal-information","status":"publish","type":"page","link":"https:\/\/verticalexpense.com\/en\/legal-information\/","title":{"rendered":"Legal information"},"content":{"rendered":"\t\t<div data-elementor-type=\"wp-page\" data-elementor-id=\"4951\" class=\"elementor elementor-4951 elementor-3498\" data-elementor-post-type=\"page\">\n\t\t\t\t<div class=\"elementor-element elementor-element-2d9ce1e e-flex e-con-boxed e-con e-parent\" data-id=\"2d9ce1e\" data-element_type=\"container\" data-e-type=\"container\" data-settings=\"{&quot;ekit_has_onepagescroll_dot&quot;:&quot;yes&quot;}\">\n\t\t\t\t\t<div class=\"e-con-inner\">\n\t\t<div class=\"elementor-element elementor-element-5972cec e-flex e-con-boxed e-con e-child\" data-id=\"5972cec\" data-element_type=\"container\" data-e-type=\"container\" data-settings=\"{&quot;ekit_has_onepagescroll_dot&quot;:&quot;yes&quot;}\">\n\t\t\t\t\t<div class=\"e-con-inner\">\n\t\t\t\t<div class=\"elementor-element elementor-element-e85c52b elementor-widget elementor-widget-heading\" data-id=\"e85c52b\" data-element_type=\"widget\" data-e-type=\"widget\" data-settings=\"{&quot;ekit_we_effect_on&quot;:&quot;none&quot;}\" data-widget_type=\"heading.default\">\n\t\t\t\t<div class=\"elementor-widget-container\">\n\t\t\t\t\t<h1 class=\"elementor-heading-title elementor-size-default\">Site publisher<\/h1>\t\t\t\t<\/div>\n\t\t\t\t<\/div>\n\t\t\t\t<div class=\"elementor-element elementor-element-2e84683 elementor-widget elementor-widget-text-editor\" data-id=\"2e84683\" data-element_type=\"widget\" data-e-type=\"widget\" data-settings=\"{&quot;ekit_we_effect_on&quot;:&quot;none&quot;}\" data-widget_type=\"text-editor.default\">\n\t\t\t\t<div class=\"elementor-widget-container\">\n\t\t\t\t\t\t\t\t\t<p>SAS XY VERTICAL<br>Soci\u00e9t\u00e9 par Actions Simplifi\u00e9es au capital de 60K\u20ac<br>head office : 460 avenue de la Rostolane, 13540 Aix-en-Provence<\/p>\r\n<p>RCS : 833 017 007 R.C.S. Aix-en-provence<br>VAT number : FR69833017007<br>Email&nbsp;:&nbsp;<a href=\"mailto:contact@verticalexpense.com\">contact@verticalexpense.com<\/a><\/p>\r\n<p>Design and production : Vertical<\/p>\t\t\t\t\t\t\t\t<\/div>\n\t\t\t\t<\/div>\n\t\t\t\t<div class=\"elementor-element elementor-element-754127c elementor-widget elementor-widget-heading\" data-id=\"754127c\" data-element_type=\"widget\" data-e-type=\"widget\" data-settings=\"{&quot;ekit_we_effect_on&quot;:&quot;none&quot;}\" data-widget_type=\"heading.default\">\n\t\t\t\t<div class=\"elementor-widget-container\">\n\t\t\t\t\t<h2 class=\"elementor-heading-title elementor-size-default\">Hosting<\/h2>\t\t\t\t<\/div>\n\t\t\t\t<\/div>\n\t\t\t\t<div class=\"elementor-element elementor-element-25ad019 elementor-widget elementor-widget-text-editor\" data-id=\"25ad019\" data-element_type=\"widget\" data-e-type=\"widget\" data-settings=\"{&quot;ekit_we_effect_on&quot;:&quot;none&quot;}\" data-widget_type=\"text-editor.default\">\n\t\t\t\t<div class=\"elementor-widget-container\">\n\t\t\t\t\t\t\t\t\t<p><a title=\"OVH\" href=\"https:\/\/www.ovhcloud.com\/fr\/terms-and-conditions\/\" target=\"_blank\" rel=\"noopener\">OVH<\/a><br \/>SAS au capital de 10 174 560 \u20ac<br \/>Head office : 2 rue Kellermann &#8211; 59100 Roubaix &#8211; France<br \/>Intracommunity VAT number : FR22424761419<br \/>RCS Lille M\u00e9tropole 424 761 419 00045<\/p>\n\t\t\t\t\t\t\t\t<\/div>\n\t\t\t\t<\/div>\n\t\t\t\t<div class=\"elementor-element elementor-element-2801cf6 elementor-widget elementor-widget-heading\" data-id=\"2801cf6\" data-element_type=\"widget\" data-e-type=\"widget\" data-settings=\"{&quot;ekit_we_effect_on&quot;:&quot;none&quot;}\" data-widget_type=\"heading.default\">\n\t\t\t\t<div class=\"elementor-widget-container\">\n\t\t\t\t\t<h2 class=\"elementor-heading-title elementor-size-default\">Terms of use<\/h2>\t\t\t\t<\/div>\n\t\t\t\t<\/div>\n\t\t\t\t<div class=\"elementor-element elementor-element-1ef12b6 elementor-widget elementor-widget-text-editor\" data-id=\"1ef12b6\" data-element_type=\"widget\" data-e-type=\"widget\" data-settings=\"{&quot;ekit_we_effect_on&quot;:&quot;none&quot;}\" data-widget_type=\"text-editor.default\">\n\t\t\t\t<div class=\"elementor-widget-container\">\n\t\t\t\t\t\t\t\t\t<p>The use of this site implies full acceptance of the general conditions of use described below. These conditions of use may be modified or supplemented at any time.<\/p>\n\t\t\t\t\t\t\t\t<\/div>\n\t\t\t\t<\/div>\n\t\t\t\t<div class=\"elementor-element elementor-element-15bb4f3 elementor-widget elementor-widget-heading\" data-id=\"15bb4f3\" data-element_type=\"widget\" data-e-type=\"widget\" data-settings=\"{&quot;ekit_we_effect_on&quot;:&quot;none&quot;}\" data-widget_type=\"heading.default\">\n\t\t\t\t<div class=\"elementor-widget-container\">\n\t\t\t\t\t<h2 class=\"elementor-heading-title elementor-size-default\">Information<\/h2>\t\t\t\t<\/div>\n\t\t\t\t<\/div>\n\t\t\t\t<div class=\"elementor-element elementor-element-584c9d7 elementor-widget elementor-widget-text-editor\" data-id=\"584c9d7\" data-element_type=\"widget\" data-e-type=\"widget\" data-settings=\"{&quot;ekit_we_effect_on&quot;:&quot;none&quot;}\" data-widget_type=\"text-editor.default\">\n\t\t\t\t<div class=\"elementor-widget-container\">\n\t\t\t\t\t\t\t\t\t<p>The information and documents on this site are presented for information purposes only and are not exhaustive.<\/p>\n<p>The owner of the site cannot be held responsible for any direct or indirect damage resulting from access to the site.<\/p>\n\t\t\t\t\t\t\t\t<\/div>\n\t\t\t\t<\/div>\n\t\t\t\t<div class=\"elementor-element elementor-element-5307997 elementor-widget elementor-widget-heading\" data-id=\"5307997\" data-element_type=\"widget\" data-e-type=\"widget\" data-settings=\"{&quot;ekit_we_effect_on&quot;:&quot;none&quot;}\" data-widget_type=\"heading.default\">\n\t\t\t\t<div class=\"elementor-widget-container\">\n\t\t\t\t\t<h2 class=\"elementor-heading-title elementor-size-default\">Intellectual property<\/h2>\t\t\t\t<\/div>\n\t\t\t\t<\/div>\n\t\t\t\t<div class=\"elementor-element elementor-element-3920880 elementor-widget elementor-widget-text-editor\" data-id=\"3920880\" data-element_type=\"widget\" data-e-type=\"widget\" data-settings=\"{&quot;ekit_we_effect_on&quot;:&quot;none&quot;}\" data-widget_type=\"text-editor.default\">\n\t\t\t\t<div class=\"elementor-widget-container\">\n\t\t\t\t\t\t\t\t\t<p>Unless otherwise stated, all elements accessible on the site (texts, images, graphics, logos, icons, sounds, software, etc.) remain the exclusive property of their authors, with regard to intellectual property rights or rights of use.<\/p>\n<p>Any reproduction, representation, modification, publication, adaptation of all or part of the elements of the site, whatever the means or the process used, is prohibited, except prior written authorization of the author.<\/p>\n<p>Any unauthorised use of the site or of any of the elements it contains is considered as constituting an infringement and is liable to prosecution.<\/p>\n<p>The brands and logos reproduced on the site are registered by the companies that own them.<\/p>\n\t\t\t\t\t\t\t\t<\/div>\n\t\t\t\t<\/div>\n\t\t\t\t<div class=\"elementor-element elementor-element-3e33f3d elementor-widget elementor-widget-heading\" data-id=\"3e33f3d\" data-element_type=\"widget\" data-e-type=\"widget\" data-settings=\"{&quot;ekit_we_effect_on&quot;:&quot;none&quot;}\" data-widget_type=\"heading.default\">\n\t\t\t\t<div class=\"elementor-widget-container\">\n\t\t\t\t\t<h2 class=\"elementor-heading-title elementor-size-default\">Links<\/h2>\t\t\t\t<\/div>\n\t\t\t\t<\/div>\n\t\t\t\t<div class=\"elementor-element elementor-element-0454f6b elementor-widget elementor-widget-text-editor\" data-id=\"0454f6b\" data-element_type=\"widget\" data-e-type=\"widget\" data-settings=\"{&quot;ekit_we_effect_on&quot;:&quot;none&quot;}\" data-widget_type=\"text-editor.default\">\n\t\t\t\t<div class=\"elementor-widget-container\">\n\t\t\t\t\t\t\t\t\t<p><strong>Outgoing links<\/strong><br \/>The owner of the site declines all responsibility and is not committed by the referencing via hypertext links, of third party resources present on the Internet network, both with regard to their content and their relevance.<\/p>\n<p><strong>Incoming links<\/strong><br \/>The owner of the site authorises hyperlinks to one of the pages of this site, provided that these open a new window and are presented in an unequivocal manner in order to avoid :<\/p>\n<ul>\n<li>Any risk of confusion between the citing site and the site owner<\/li>\n<li>The same applies to any presentation that is tendentious or contrary to the laws in force.<\/li>\n<\/ul>\n<p>The owner of the site reserves the right to request the removal of a link if it considers that the source site does not respect the rules thus defined.<\/p>\n\t\t\t\t\t\t\t\t<\/div>\n\t\t\t\t<\/div>\n\t\t\t\t<div class=\"elementor-element elementor-element-12d8bc7 elementor-widget elementor-widget-heading\" data-id=\"12d8bc7\" data-element_type=\"widget\" data-e-type=\"widget\" data-settings=\"{&quot;ekit_we_effect_on&quot;:&quot;none&quot;}\" data-widget_type=\"heading.default\">\n\t\t\t\t<div class=\"elementor-widget-container\">\n\t\t\t\t\t<h2 class=\"elementor-heading-title elementor-size-default\">Privacy<\/h2>\t\t\t\t<\/div>\n\t\t\t\t<\/div>\n\t\t\t\t<div class=\"elementor-element elementor-element-50474b5 elementor-widget elementor-widget-text-editor\" data-id=\"50474b5\" data-element_type=\"widget\" data-e-type=\"widget\" data-settings=\"{&quot;ekit_we_effect_on&quot;:&quot;none&quot;}\" data-widget_type=\"text-editor.default\">\n\t\t\t\t<div class=\"elementor-widget-container\">\n\t\t\t\t\t\t\t\t\t<p>Any user has a right of access, rectification and opposition to the personal data concerning him\/her, by making a written and signed request, accompanied by proof of identity. <a title=\"Privacy Policy\" href=\"https:\/\/verticalexpense.com\/en\/privacy-policy\/\">See privacy policy<\/a><\/p>\n\t\t\t\t\t\t\t\t<\/div>\n\t\t\t\t<\/div>\n\t\t\t\t\t<\/div>\n\t\t\t\t<\/div>\n\t\t\t\t\t<\/div>\n\t\t\t\t<\/div>\n\t\t\t\t<\/div>\n\t\t","protected":false},"excerpt":{"rendered":"excerpt","protected":false},"author":6,"featured_media":0,"parent":0,"menu_order":0,"comment_status":"closed","ping_status":"closed","template":"elementor_header_footer","meta":{"episode_type":"","audio_file":"","podmotor_file_id":"","podmotor_episode_id":"","cover_image":"","cover_image_id":"","duration":"","filesize":"","filesize_raw":"","date_recorded":"","explicit":"","block":"","footnotes":"","_links_to":"","_links_to_target":""},"class_list":["post-4951","page","type-page","status-publish","hentry"],"aioseo_notices":[],"_links":{"self":[{"href":"https:\/\/verticalexpense.com\/en\/wp-json\/wp\/v2\/pages\/4951","targetHints":{"allow":["GET"]}}],"collection":[{"href":"https:\/\/verticalexpense.com\/en\/wp-json\/wp\/v2\/pages"}],"about":[{"href":"https:\/\/verticalexpense.com\/en\/wp-json\/wp\/v2\/types\/page"}],"author":[{"embeddable":true,"href":"https:\/\/verticalexpense.com\/en\/wp-json\/wp\/v2\/users\/6"}],"replies":[{"embeddable":true,"href":"https:\/\/verticalexpense.com\/en\/wp-json\/wp\/v2\/comments?post=4951"}],"version-history":[{"count":0,"href":"https:\/\/verticalexpense.com\/en\/wp-json\/wp\/v2\/pages\/4951\/revisions"}],"wp:attachment":[{"href":"https:\/\/verticalexpense.com\/en\/wp-json\/wp\/v2\/media?parent=4951"}],"curies":[{"name":"wp","href":"https:\/\/api.w.org\/{rel}","templated":true}]}}