{"id":25123,"date":"2021-10-06T15:08:36","date_gmt":"2021-10-06T13:08:36","guid":{"rendered":"https:\/\/verticalexpense.com\/datenschutzrichtlinie\/"},"modified":"2025-09-23T16:48:08","modified_gmt":"2025-09-23T14:48:08","slug":"datenschutzrichtlinie","status":"publish","type":"page","link":"https:\/\/verticalexpense.com\/de\/datenschutzrichtlinie\/","title":{"rendered":"Datenschutzrichtlinie"},"content":{"rendered":"\t\t<div data-elementor-type=\"wp-page\" data-elementor-id=\"25123\" class=\"elementor elementor-25123 elementor-3\" data-elementor-post-type=\"page\">\n\t\t\t\t<div class=\"elementor-element elementor-element-8ef7a58 e-flex e-con-boxed e-con e-parent\" data-id=\"8ef7a58\" data-element_type=\"container\" data-e-type=\"container\" data-settings=\"{&quot;ekit_has_onepagescroll_dot&quot;:&quot;yes&quot;}\">\n\t\t\t\t\t<div class=\"e-con-inner\">\n\t\t<div class=\"elementor-element elementor-element-75e8b2f e-flex e-con-boxed e-con e-child\" data-id=\"75e8b2f\" data-element_type=\"container\" data-e-type=\"container\" data-settings=\"{&quot;ekit_has_onepagescroll_dot&quot;:&quot;yes&quot;}\">\n\t\t\t\t\t<div class=\"e-con-inner\">\n\t\t\t\t<div class=\"elementor-element elementor-element-34efe59 elementor-widget elementor-widget-heading\" data-id=\"34efe59\" data-element_type=\"widget\" data-e-type=\"widget\" data-settings=\"{&quot;ekit_we_effect_on&quot;:&quot;none&quot;}\" data-widget_type=\"heading.default\">\n\t\t\t\t<div class=\"elementor-widget-container\">\n\t\t\t\t\t<h1 class=\"elementor-heading-title elementor-size-default\">Wer sind wir ?<\/h1>\t\t\t\t<\/div>\n\t\t\t\t<\/div>\n\t\t\t\t<div class=\"elementor-element elementor-element-41dcec0 elementor-widget elementor-widget-text-editor\" data-id=\"41dcec0\" data-element_type=\"widget\" data-e-type=\"widget\" data-settings=\"{&quot;ekit_we_effect_on&quot;:&quot;none&quot;}\" data-widget_type=\"text-editor.default\">\n\t\t\t\t<div class=\"elementor-widget-container\">\n\t\t\t\t\t\t\t\t\t<p>XY VERTICAL ist eine vereinfachte Aktiengesellschaft mit Sitz im Centre d&#8217;Affaires Espace Eole, 70 Rue de la Coquillade, 13540 Aix-en-Provence.<span style=\"text-align: var(--text-align);\">. Unsere Seite <\/span><a style=\"text-align: var(--text-align); background-color: #ffffff;\" title=\"Vertical Expense\" href=\"https:\/\/verticalexpense.com\/de\/\">https:\/\/verticalexpense.com<\/a> <span style=\"text-align: var(--text-align);\">wird bei<\/span> <a style=\"text-align: var(--text-align); background-color: #ffffff;\" href=\"https:\/\/www.ovhcloud.com\/\">OVH<\/a> gehostet und wurde von uns gestaltet.<\/p><p>XY VERTICAL legt gro\u00dfen Wert auf den Schutz Ihrer Privatsph\u00e4re. Aus diesem Grund haben wir in unserer Datenschutzrichtlinie gemeinsame Grunds\u00e4tze festgelegt. Mit diesem Dokument m\u00f6chten wir Sie dar\u00fcber informieren, wie wir Ihre pers\u00f6nlichen Daten nutzen und sch\u00fctzen und warum wir diese Daten verarbeiten.<\/p>\t\t\t\t\t\t\t\t<\/div>\n\t\t\t\t<\/div>\n\t\t\t\t<div class=\"elementor-element elementor-element-82faffe elementor-widget elementor-widget-heading\" data-id=\"82faffe\" data-element_type=\"widget\" data-e-type=\"widget\" data-settings=\"{&quot;ekit_we_effect_on&quot;:&quot;none&quot;}\" data-widget_type=\"heading.default\">\n\t\t\t\t<div class=\"elementor-widget-container\">\n\t\t\t\t\t<h2 class=\"elementor-heading-title elementor-size-default\">Verwendung der gesammelten pers\u00f6nlichen Daten<\/h2>\t\t\t\t<\/div>\n\t\t\t\t<\/div>\n\t\t\t\t<div class=\"elementor-element elementor-element-2b5aedd elementor-widget elementor-widget-text-editor\" data-id=\"2b5aedd\" data-element_type=\"widget\" data-e-type=\"widget\" data-settings=\"{&quot;ekit_we_effect_on&quot;:&quot;none&quot;}\" data-widget_type=\"text-editor.default\">\n\t\t\t\t<div class=\"elementor-widget-container\">\n\t\t\t\t\t\t\t\t\t<p>Die Erhebung personenbezogener Daten beschr\u00e4nkt sich auf das absolut Notwendige (Grundsatz der Datenminimierung). Wir erheben und verwenden nur personenbezogene Daten, die mit Ihrer Zustimmung \u00fcbermittelt wurden. Diese ben\u00f6tigen wir im Rahmen unserer Gesch\u00e4ftst\u00e4tigkeit, um Ihnen qualitativ hochwertige und auf Sie zugeschnittene Informationen, Produkte und Dienstleistungen anbieten zu k\u00f6nnen.<\/p>\n<p>Wir k\u00f6nnen verschiedene Kategorien personenbezogener Daten von Ihnen sammeln, darunter :<\/p>\n<ul>\n<li>Identifizierungs- und Kontaktinformationen (Name und Gr\u00f6\u00dfe des Unternehmens, Vorname, Nachname, Postanschrift, E-Mail, Telefonnummer, Funktion)<\/li>\n<li>Daten zur Identifizierung und Authentifizierung insbesondere bei der Nutzung unserer Dienste (technische Logs, Computerspuren, Sicherheitsinformationen, IP-Adresse)<\/li>\n<li>Daten \u00fcber Interaktionen mit uns auf unserer Website, in unserer App, auf unseren Seiten, in sozialen Netzwerken, in Interviews und Gespr\u00e4chen per Telefon oder Video und in E-Mails.<\/li><br><\/ul>\n<p>Wir sammeln unter keinen Umst\u00e4nden sensible Daten.<\/p>\t\t\t\t\t\t\t\t<\/div>\n\t\t\t\t<\/div>\n\t\t\t\t<div class=\"elementor-element elementor-element-5c18f03 elementor-widget elementor-widget-heading\" data-id=\"5c18f03\" data-element_type=\"widget\" data-e-type=\"widget\" data-settings=\"{&quot;ekit_we_effect_on&quot;:&quot;none&quot;}\" data-widget_type=\"heading.default\">\n\t\t\t\t<div class=\"elementor-widget-container\">\n\t\t\t\t\t<h2 class=\"elementor-heading-title elementor-size-default\">Cookie-Spezifika<\/h2>\t\t\t\t<\/div>\n\t\t\t\t<\/div>\n\t\t\t\t<div class=\"elementor-element elementor-element-09cdae3 elementor-widget elementor-widget-text-editor\" data-id=\"09cdae3\" data-element_type=\"widget\" data-e-type=\"widget\" data-settings=\"{&quot;ekit_we_effect_on&quot;:&quot;none&quot;}\" data-widget_type=\"text-editor.default\">\n\t\t\t\t<div class=\"elementor-widget-container\">\n\t\t\t\t\t\t\t\t\t<p>XY VERTICAL verwendet Cookies, um bestimmte Daten im Zusammenhang mit Ihrer Nutzung der Website zu sammeln. Ein Cookie ist eine Datei, die von den Websites, die Sie besuchen, auf Ihrem Computer gespeichert wird. Ein Cookie speichert bestimmte Navigationsdaten auf dem Computer des Nutzers, z. B. Datum und Uhrzeit des Seitenaufrufs, Identifizierung der aufgerufenen Seiten, Wahl der sp\u00e4ter aufgerufenen Seiten usw.<\/p><p>Um Ihnen ein qualitativ hochwertiges Online-Erlebnis zu bieten, das Ihren Bed\u00fcrfnissen entspricht, bitten wir Sie m\u00f6glicherweise um die Erlaubnis, Cookies auf Ihrem Computer zu installieren.<\/p><p>Wir verwenden diese Cookies, um Statistiken zu erstellen, das Publikum zu messen, die Herkunft der Besucher und die besuchten Seiten auf unserer Website <a title=\"Vertical Expense\" href=\"https:\/\/verticalexpense.com\/de\/\">https:\/\/verticalexpense.com<\/a> zu definieren. Zu diesem Zweck ist unsere Website mit Google Analytics verbunden. Hier k\u00f6nnen Sie auf seine Datenschutzrichtlinien <a href=\"https:\/\/policies.google.com\/\">zugreifen<\/a><\/p>\t\t\t\t\t\t\t\t<\/div>\n\t\t\t\t<\/div>\n\t\t\t\t<div class=\"elementor-element elementor-element-10cb0e8 elementor-widget elementor-widget-heading\" data-id=\"10cb0e8\" data-element_type=\"widget\" data-e-type=\"widget\" data-settings=\"{&quot;ekit_we_effect_on&quot;:&quot;none&quot;}\" data-widget_type=\"heading.default\">\n\t\t\t\t<div class=\"elementor-widget-container\">\n\t\t\t\t\t<h2 class=\"elementor-heading-title elementor-size-default\">Weitergabe Ihrer pers\u00f6nlichen Daten an Dritte<\/h2>\t\t\t\t<\/div>\n\t\t\t\t<\/div>\n\t\t\t\t<div class=\"elementor-element elementor-element-642404f elementor-widget elementor-widget-text-editor\" data-id=\"642404f\" data-element_type=\"widget\" data-e-type=\"widget\" data-settings=\"{&quot;ekit_we_effect_on&quot;:&quot;none&quot;}\" data-widget_type=\"text-editor.default\">\n\t\t\t\t<div class=\"elementor-widget-container\">\n\t\t\t\t\t\t\t\t\t<p>XY VERTICAL verpflichtet sich, Ihre pers\u00f6nlichen Daten nur an berechtigte Personen innerhalb des Unternehmens und an vertrauensw\u00fcrdige Dritte, mit denen wir zusammenarbeiten, weiterzugeben.<\/p>\t\t\t\t\t\t\t\t<\/div>\n\t\t\t\t<\/div>\n\t\t\t\t<div class=\"elementor-element elementor-element-b97ca59 elementor-widget elementor-widget-heading\" data-id=\"b97ca59\" data-element_type=\"widget\" data-e-type=\"widget\" data-settings=\"{&quot;ekit_we_effect_on&quot;:&quot;none&quot;}\" data-widget_type=\"heading.default\">\n\t\t\t\t<div class=\"elementor-widget-container\">\n\t\t\t\t\t<h2 class=\"elementor-heading-title elementor-size-default\">Speicherfristen f\u00fcr Ihre Daten<\/h2>\t\t\t\t<\/div>\n\t\t\t\t<\/div>\n\t\t\t\t<div class=\"elementor-element elementor-element-bb20dec elementor-widget elementor-widget-text-editor\" data-id=\"bb20dec\" data-element_type=\"widget\" data-e-type=\"widget\" data-settings=\"{&quot;ekit_we_effect_on&quot;:&quot;none&quot;}\" data-widget_type=\"text-editor.default\">\n\t\t\t\t<div class=\"elementor-widget-container\">\n\t\t\t\t\t\t\t\t\t<p>Wir bewahren Ihre personenbezogenen Daten so lange auf, wie es f\u00fcr die Einhaltung der geltenden Gesetze und Vorschriften erforderlich ist, oder f\u00fcr einen anderen Zeitraum unter Ber\u00fccksichtigung der betrieblichen Zw\u00e4nge. In Bezug auf potenzielle Kunden werden die Informationen drei Jahre lang nach ihrer Erhebung oder unserem letzten Kontakt mit Ihnen aufbewahrt.<\/p>\t\t\t\t\t\t\t\t<\/div>\n\t\t\t\t<\/div>\n\t\t\t\t<div class=\"elementor-element elementor-element-9e6d00a elementor-widget elementor-widget-heading\" data-id=\"9e6d00a\" data-element_type=\"widget\" data-e-type=\"widget\" data-settings=\"{&quot;ekit_we_effect_on&quot;:&quot;none&quot;}\" data-widget_type=\"heading.default\">\n\t\t\t\t<div class=\"elementor-widget-container\">\n\t\t\t\t\t<h2 class=\"elementor-heading-title elementor-size-default\">Die Rechte, die Sie \u00fcber Ihre Daten haben<\/h2>\t\t\t\t<\/div>\n\t\t\t\t<\/div>\n\t\t\t\t<div class=\"elementor-element elementor-element-0473a80 elementor-widget elementor-widget-text-editor\" data-id=\"0473a80\" data-element_type=\"widget\" data-e-type=\"widget\" data-settings=\"{&quot;ekit_we_effect_on&quot;:&quot;none&quot;}\" data-widget_type=\"text-editor.default\">\n\t\t\t\t<div class=\"elementor-widget-container\">\n\t\t\t\t\t\t\t\t\t<p>Gem\u00e4\u00df den geltenden Vorschriften haben Sie verschiedene Rechte, n\u00e4mlich :<\/p>\n<ul>\n<li>Recht auf Zugang: Sie k\u00f6nnen Informationen \u00fcber die Verarbeitung Ihrer personenbezogenen Daten sowie eine Kopie dieser personenbezogenen Daten erhalten.<\/li>\n<li>Recht auf Berichtigung: Wenn Sie der Meinung sind, dass Ihre personenbezogenen Daten unrichtig oder unvollst\u00e4ndig sind, k\u00f6nnen Sie verlangen, dass diese personenbezogenen Daten entsprechend ge\u00e4ndert werden.<\/li>\n<li>Recht auf L\u00f6schung: Sie k\u00f6nnen die L\u00f6schung Ihrer personenbezogenen Daten im Rahmen des gesetzlich Zul\u00e4ssigen verlangen.<\/li>\n<li>Recht auf Einschr\u00e4nkung der Verarbeitung: Sie k\u00f6nnen die Einschr\u00e4nkung der Verarbeitung Ihrer personenbezogenen Daten beantragen.<\/li>\n<li>Widerspruchsrecht: Sie k\u00f6nnen aus Gr\u00fcnden, die sich aus Ihrer besonderen Situation ergeben, gegen die Verarbeitung Ihrer personenbezogenen Daten Widerspruch einlegen. Sie haben das absolute Recht, sich der Verarbeitung Ihrer personenbezogenen Daten zum Zwecke der kommerziellen Werbung, einschlie\u00dflich des damit verbundenen Profilings, zu widersetzen.<\/li>\n<li>Recht auf Daten\u00fcbertragbarkeit, wenn dieses Recht anwendbar ist, haben Sie das Recht, dass die personenbezogenen Daten, die Sie uns zur Verf\u00fcgung gestellt haben, an Sie zur\u00fcckgegeben oder, wenn technisch m\u00f6glich, an einen Dritten \u00fcbertragen werden ;<\/li>\n<li>Recht, Richtlinien \u00fcber die Aufbewahrung, L\u00f6schung oder Weitergabe Ihrer pers\u00f6nlichen Daten festzulegen, die nach Ihrem Tod gelten.<\/li>\n<li>Recht auf Widerruf Ihrer Einwilligung: Wenn Sie Ihre Einwilligung zur Verarbeitung Ihrer personenbezogenen Daten gegeben haben, haben Sie das Recht, Ihre Einwilligung jederzeit zu widerrufen.<\/li><br><\/ul>\n<p>Gem\u00e4\u00df den geltenden Vorschriften haben Sie das Recht, eine Beschwerde bei der zust\u00e4ndigen Aufsichtsbeh\u00f6rde wie der CNIL (Commission nationale de l&#8217;informatique et des libert\u00e9s) in Frankreich einzureichen.<\/p>\t\t\t\t\t\t\t\t<\/div>\n\t\t\t\t<\/div>\n\t\t\t\t<div class=\"elementor-element elementor-element-d47b42b elementor-widget elementor-widget-heading\" data-id=\"d47b42b\" data-element_type=\"widget\" data-e-type=\"widget\" data-settings=\"{&quot;ekit_we_effect_on&quot;:&quot;none&quot;}\" data-widget_type=\"heading.default\">\n\t\t\t\t<div class=\"elementor-widget-container\">\n\t\t\t\t\t<h2 class=\"elementor-heading-title elementor-size-default\">Kontaktinformationen<\/h2>\t\t\t\t<\/div>\n\t\t\t\t<\/div>\n\t\t\t\t<div class=\"elementor-element elementor-element-2c1d6d9 elementor-widget elementor-widget-text-editor\" data-id=\"2c1d6d9\" data-element_type=\"widget\" data-e-type=\"widget\" data-settings=\"{&quot;ekit_we_effect_on&quot;:&quot;none&quot;}\" data-widget_type=\"text-editor.default\">\n\t\t\t\t<div class=\"elementor-widget-container\">\n\t\t\t\t\t\t\t\t\t<p>Wenn Sie Fragen zur Verwendung Ihrer personenbezogenen Daten gem\u00e4\u00df diesem Dokument haben, k\u00f6nnen Sie uns unter folgender Adresse kontaktieren : <a title=\"mailto:dpo@verticalexpense.com\" href=\"mailto:dpo@verticalexpense.com\" data-linkindex=\"3\" data-olk-copy-source=\"MessageBody\">dpo@verticalexpense.com<\/a><\/p>\t\t\t\t\t\t\t\t<\/div>\n\t\t\t\t<\/div>\n\t\t\t\t\t<\/div>\n\t\t\t\t<\/div>\n\t\t\t\t\t<\/div>\n\t\t\t\t<\/div>\n\t\t\t\t<\/div>\n\t\t","protected":false},"excerpt":{"rendered":"excerpt","protected":false},"author":6,"featured_media":0,"parent":0,"menu_order":0,"comment_status":"closed","ping_status":"open","template":"elementor_header_footer","meta":{"episode_type":"","audio_file":"","podmotor_file_id":"","podmotor_episode_id":"","cover_image":"","cover_image_id":"","duration":"","filesize":"","filesize_raw":"","date_recorded":"","explicit":"","block":"","footnotes":"","_links_to":"","_links_to_target":""},"class_list":["post-25123","page","type-page","status-publish","hentry"],"aioseo_notices":[],"_links":{"self":[{"href":"https:\/\/verticalexpense.com\/de\/wp-json\/wp\/v2\/pages\/25123","targetHints":{"allow":["GET"]}}],"collection":[{"href":"https:\/\/verticalexpense.com\/de\/wp-json\/wp\/v2\/pages"}],"about":[{"href":"https:\/\/verticalexpense.com\/de\/wp-json\/wp\/v2\/types\/page"}],"author":[{"embeddable":true,"href":"https:\/\/verticalexpense.com\/de\/wp-json\/wp\/v2\/users\/6"}],"replies":[{"embeddable":true,"href":"https:\/\/verticalexpense.com\/de\/wp-json\/wp\/v2\/comments?post=25123"}],"version-history":[{"count":0,"href":"https:\/\/verticalexpense.com\/de\/wp-json\/wp\/v2\/pages\/25123\/revisions"}],"wp:attachment":[{"href":"https:\/\/verticalexpense.com\/de\/wp-json\/wp\/v2\/media?parent=25123"}],"curies":[{"name":"wp","href":"https:\/\/api.w.org\/{rel}","templated":true}]}}